{"id":26,"date":"2013-06-11T14:37:41","date_gmt":"2013-06-11T12:37:41","guid":{"rendered":"https:\/\/equilibriumstate.de\/?page_id=26"},"modified":"2026-02-03T14:05:48","modified_gmt":"2026-02-03T12:05:48","slug":"contact","status":"publish","type":"page","link":"https:\/\/equilibriumstate.de\/en\/contact\/","title":{"rendered":"Contact"},"content":{"rendered":"<div class=\"row-fluid\"><div class=\"span6\"><\/p>\n<h3 class=\"contact-headline\">You will find us here:<\/h3>\n<div class=\"contact-actions\"><span class=\"contact-action\"><span class=\"action-home\">ES-Equilibrium State headquarters<br \/>\nDirk Beckmann<br \/>\nLindemannstra\u00dfe 7<br \/>\n40237 D\u00fcsseldorf<\/span><\/span><\/div>\n<h3 class=\"contact-headline\">Or call\/write us:<\/h3>\n<div class=\"contact-actions\"><span class=\"contact-action\"><span class=\"action-call\">+49 (0) 211 58 68 446<\/span><\/span><span class=\"contact-action\"><a class=\"action-email\" href=\"mailto:info@equilibriumstate.de\">info@equilibriumstate.de<\/a><\/span><span class=\"contact-action\"><a class=\"action-social\" href=\"http:\/\/www.facebook.com\/equilibriumstate\" target=\"_blank\" rel=\"noopener noreferrer\">facebook\/equilibriumstate<\/a><\/span><\/div>\n<p><\/div><div class=\"span6\"><\/p>\n<h3 class=\"contact-headline\">Contact us:<\/h3>\n<p><div class=\"wpcf7 no-js\" id=\"wpcf7-f105-o1\" lang=\"en-US\" dir=\"ltr\">\n<div class=\"screen-reader-response\"><p role=\"status\" aria-live=\"polite\" aria-atomic=\"true\"><\/p> <ul><\/ul><\/div>\n<form action=\"\/en\/wp-json\/wp\/v2\/pages\/26#wpcf7-f105-o1\" method=\"post\" class=\"wpcf7-form init\" aria-label=\"Contact form\" novalidate=\"novalidate\" data-status=\"init\">\n<div style=\"display: none;\">\n<input type=\"hidden\" name=\"_wpcf7\" value=\"105\" \/>\n<input type=\"hidden\" name=\"_wpcf7_version\" value=\"5.7.2\" \/>\n<input type=\"hidden\" name=\"_wpcf7_locale\" value=\"en_US\" \/>\n<input type=\"hidden\" name=\"_wpcf7_unit_tag\" value=\"wpcf7-f105-o1\" \/>\n<input type=\"hidden\" name=\"_wpcf7_container_post\" value=\"0\" \/>\n<input type=\"hidden\" name=\"_wpcf7_posted_data_hash\" value=\"\" \/>\n<\/div>\n<p><span class=\"wpcf7-form-control-wrap\" data-name=\"your-subject\"><select class=\"wpcf7-form-control wpcf7-select\" aria-invalid=\"false\" name=\"your-subject\"><option value=\"Allgemeine Anfrage\">Allgemeine Anfrage<\/option><option value=\"Anfrage zu ES-Body\">Anfrage zu ES-Body<\/option><option value=\"Anfrage zu ES-Mind\">Anfrage zu ES-Mind<\/option><option value=\"Anfrage zur Ausbildung\">Anfrage zur Ausbildung<\/option><option value=\"Sitzungstermin vereinbaren\">Sitzungstermin vereinbaren<\/option><\/select><\/span><br \/>\n<span class=\"wpcf7-form-control-wrap\" data-name=\"your-name\"><input size=\"40\" class=\"wpcf7-form-control wpcf7-text wpcf7-validates-as-required\" aria-required=\"true\" aria-invalid=\"false\" placeholder=\"NAME\" value=\"\" type=\"text\" name=\"your-name\" \/><\/span><br \/>\n<span class=\"wpcf7-form-control-wrap\" data-name=\"your-email\"><input size=\"40\" class=\"wpcf7-form-control wpcf7-text wpcf7-email wpcf7-validates-as-required wpcf7-validates-as-email\" aria-required=\"true\" aria-invalid=\"false\" placeholder=\"E-MAIL\" value=\"\" type=\"email\" name=\"your-email\" \/><\/span><br \/>\n<span class=\"wpcf7-form-control-wrap\" data-name=\"your-message\"><textarea cols=\"40\" rows=\"10\" class=\"wpcf7-form-control wpcf7-textarea\" aria-invalid=\"false\" placeholder=\"MESSAGE\" name=\"your-message\"><\/textarea><\/span>\n<\/p>\n<div class=\"data-privacy\">\n\t<p><span class=\"wpcf7-form-control-wrap\" data-name=\"data-privacy\"><span class=\"wpcf7-form-control wpcf7-acceptance\"><span class=\"wpcf7-list-item\"><input type=\"checkbox\" name=\"data-privacy\" value=\"1\" aria-invalid=\"false\" \/><\/span><\/span><\/span><span> This form will be sent encrypted. You agree that we use the information to process your request. Read more details here: <a href=\"\/en\/privacy\/\">privacy policy and notice of withdrawal<\/a>.<\/span>\n\t<\/p>\n<\/div>\n<p><input type=\"hidden\" name=\"_wpcf7_captcha_challenge_captcha-411\" value=\"2625110478\" \/><img class=\"wpcf7-form-control wpcf7-captchac wpcf7-captcha-captcha-411\" width=\"84\" height=\"28\" alt=\"captcha\" src=\"https:\/\/equilibriumstate.de\/en\/wp-content\/uploads\/sites\/2\/wpcf7_captcha\/2625110478.png\" \/><span class=\"wpcf7-form-control-wrap\" data-name=\"captcha-411\"><input size=\"40\" class=\"wpcf7-form-control wpcf7-captchar\" autocomplete=\"off\" aria-invalid=\"false\" placeholder=\"Please enter code\" value=\"\" type=\"text\" name=\"captcha-411\" \/><\/span><br \/>\n<input class=\"wpcf7-form-control has-spinner wpcf7-submit btn\" type=\"submit\" value=\"SEND\" \/>\n<\/p><p style=\"display: none !important;\"><label>&#916;<textarea name=\"_wpcf7_ak_hp_textarea\" cols=\"45\" rows=\"8\" maxlength=\"100\"><\/textarea><\/label><input type=\"hidden\" id=\"ak_js_1\" name=\"_wpcf7_ak_js\" value=\"1\"\/><script>document.getElementById( \"ak_js_1\" ).setAttribute( \"value\", ( new Date() ).getTime() );<\/script><\/p><div class=\"wpcf7-response-output\" aria-hidden=\"true\"><\/div><\/form><\/div><\/div><\/div>\n<p><a href=\"https:\/\/es-terminbuchung.tucalendi.com\/infotermine\">Book your individual Info-Appointment here (click)<\/a><\/p>\n<p><span style=\"color: #ffffff;\"><strong>You will also find ES-Practitioner in:<\/strong><\/span><\/p>\n<p><span style=\"color: #ffffff;\"><strong>Germany<\/strong><\/span><\/p>\n<p><span style=\"color: #ffffff;\"><a href=\"\/&quot;\" target=\"_blank\" rel=\"noopener noreferrer\"><span style=\"color: #ffffff;\"> Ratingen, ES-Master-Practitioner Ren\u00e9 M\u00f6ller<\/span><\/a><\/span><\/p>\n<p><span style=\"color: #ffffff;\"><a href=\"https:\/\/faszien-grafenberg.de\/kontakt\/\/\" target=\"_blank\" rel=\"noopener noreferrer\"><span style=\"color: #ffffff;\"> D\u00fcsseldorf, ES-Master-Practitionerin Heike Tepel<\/span><\/a><\/span><\/p>\n<p><span style=\"color: #ffffff;\"><a style=\"color: #ffffff;\" href=\"https:\/\/www.faszien-koblenz.de\/\" target=\"_blank\" rel=\"noopener noreferrer\">56073 Koblenz, ES-Master-Practitioner Dirk Mechernich<\/a><\/span><\/p>\n<p><a href=\"http:\/\/equilibriumstate-barkschat.com\/\" target=\"_blank\" rel=\"noopener noreferrer\"><span style=\"color: #ffffff;\">86154\u00a0Augsburg, ES-Master-Practitioner Jens Barkschat<\/span><\/a><\/p>\n","protected":false},"excerpt":{"rendered":"<p>Book your individual Info-Appointment here (click) You will also find ES-Practitioner in: Germany Ratingen, ES-Master-Practitioner Ren\u00e9 M\u00f6ller D\u00fcsseldorf, ES-Master-Practitionerin Heike Tepel 56073 Koblenz, ES-Master-Practitioner Dirk Mechernich 86154\u00a0Augsburg, ES-Master-Practitioner Jens Barkschat<\/p>\n","protected":false},"author":1,"featured_media":0,"parent":0,"menu_order":7,"comment_status":"closed","ping_status":"closed","template":"page-templates\/contact.php","meta":{"_mi_skip_tracking":false},"acf":[],"yoast_head":"<!-- This site is optimized with the Yoast SEO plugin v19.14 - https:\/\/yoast.com\/wordpress\/plugins\/seo\/ -->\n<title>Contact - Equilibrium State<\/title>\n<meta name=\"robots\" content=\"index, follow, max-snippet:-1, max-image-preview:large, max-video-preview:-1\" \/>\n<link rel=\"canonical\" href=\"https:\/\/equilibriumstate.de\/en\/contact\/\" \/>\n<meta name=\"twitter:label1\" content=\"Est. reading time\" \/>\n\t<meta name=\"twitter:data1\" content=\"1 minute\" \/>\n<script type=\"application\/ld+json\" class=\"yoast-schema-graph\">{\"@context\":\"https:\/\/schema.org\",\"@graph\":[{\"@type\":\"WebPage\",\"@id\":\"https:\/\/equilibriumstate.de\/en\/contact\/\",\"url\":\"https:\/\/equilibriumstate.de\/en\/contact\/\",\"name\":\"Contact - Equilibrium State\",\"isPartOf\":{\"@id\":\"https:\/\/equilibriumstate.de\/en\/#website\"},\"datePublished\":\"2013-06-11T12:37:41+00:00\",\"dateModified\":\"2026-02-03T12:05:48+00:00\",\"breadcrumb\":{\"@id\":\"https:\/\/equilibriumstate.de\/en\/contact\/#breadcrumb\"},\"inLanguage\":\"en-US\",\"potentialAction\":[{\"@type\":\"ReadAction\",\"target\":[\"https:\/\/equilibriumstate.de\/en\/contact\/\"]}]},{\"@type\":\"BreadcrumbList\",\"@id\":\"https:\/\/equilibriumstate.de\/en\/contact\/#breadcrumb\",\"itemListElement\":[{\"@type\":\"ListItem\",\"position\":1,\"name\":\"Home\",\"item\":\"https:\/\/equilibriumstate.de\/en\/\"},{\"@type\":\"ListItem\",\"position\":2,\"name\":\"Contact\"}]},{\"@type\":\"WebSite\",\"@id\":\"https:\/\/equilibriumstate.de\/en\/#website\",\"url\":\"https:\/\/equilibriumstate.de\/en\/\",\"name\":\"Equilibrium State EN\",\"description\":\"\",\"potentialAction\":[{\"@type\":\"SearchAction\",\"target\":{\"@type\":\"EntryPoint\",\"urlTemplate\":\"https:\/\/equilibriumstate.de\/en\/?s={search_term_string}\"},\"query-input\":\"required name=search_term_string\"}],\"inLanguage\":\"en-US\"}]}<\/script>\n<!-- \/ Yoast SEO plugin. -->","yoast_head_json":{"title":"Contact - Equilibrium State","robots":{"index":"index","follow":"follow","max-snippet":"max-snippet:-1","max-image-preview":"max-image-preview:large","max-video-preview":"max-video-preview:-1"},"canonical":"https:\/\/equilibriumstate.de\/en\/contact\/","twitter_misc":{"Est. reading time":"1 minute"},"schema":{"@context":"https:\/\/schema.org","@graph":[{"@type":"WebPage","@id":"https:\/\/equilibriumstate.de\/en\/contact\/","url":"https:\/\/equilibriumstate.de\/en\/contact\/","name":"Contact - Equilibrium State","isPartOf":{"@id":"https:\/\/equilibriumstate.de\/en\/#website"},"datePublished":"2013-06-11T12:37:41+00:00","dateModified":"2026-02-03T12:05:48+00:00","breadcrumb":{"@id":"https:\/\/equilibriumstate.de\/en\/contact\/#breadcrumb"},"inLanguage":"en-US","potentialAction":[{"@type":"ReadAction","target":["https:\/\/equilibriumstate.de\/en\/contact\/"]}]},{"@type":"BreadcrumbList","@id":"https:\/\/equilibriumstate.de\/en\/contact\/#breadcrumb","itemListElement":[{"@type":"ListItem","position":1,"name":"Home","item":"https:\/\/equilibriumstate.de\/en\/"},{"@type":"ListItem","position":2,"name":"Contact"}]},{"@type":"WebSite","@id":"https:\/\/equilibriumstate.de\/en\/#website","url":"https:\/\/equilibriumstate.de\/en\/","name":"Equilibrium State EN","description":"","potentialAction":[{"@type":"SearchAction","target":{"@type":"EntryPoint","urlTemplate":"https:\/\/equilibriumstate.de\/en\/?s={search_term_string}"},"query-input":"required name=search_term_string"}],"inLanguage":"en-US"}]}},"_links":{"self":[{"href":"https:\/\/equilibriumstate.de\/en\/wp-json\/wp\/v2\/pages\/26"}],"collection":[{"href":"https:\/\/equilibriumstate.de\/en\/wp-json\/wp\/v2\/pages"}],"about":[{"href":"https:\/\/equilibriumstate.de\/en\/wp-json\/wp\/v2\/types\/page"}],"author":[{"embeddable":true,"href":"https:\/\/equilibriumstate.de\/en\/wp-json\/wp\/v2\/users\/1"}],"replies":[{"embeddable":true,"href":"https:\/\/equilibriumstate.de\/en\/wp-json\/wp\/v2\/comments?post=26"}],"version-history":[{"count":47,"href":"https:\/\/equilibriumstate.de\/en\/wp-json\/wp\/v2\/pages\/26\/revisions"}],"predecessor-version":[{"id":476,"href":"https:\/\/equilibriumstate.de\/en\/wp-json\/wp\/v2\/pages\/26\/revisions\/476"}],"wp:attachment":[{"href":"https:\/\/equilibriumstate.de\/en\/wp-json\/wp\/v2\/media?parent=26"}],"curies":[{"name":"wp","href":"https:\/\/api.w.org\/{rel}","templated":true}]}}