{"id":27,"date":"2013-06-11T14:37:50","date_gmt":"2013-06-11T12:37:50","guid":{"rendered":"https:\/\/equilibriumstate.de\/?page_id=27"},"modified":"2024-09-27T13:13:13","modified_gmt":"2024-09-27T11:13:13","slug":"imprint","status":"publish","type":"page","link":"https:\/\/equilibriumstate.de\/en\/imprint\/","title":{"rendered":"Imprint"},"content":{"rendered":"<div class=\"impressum-content\">\n<div class=\"row-fluid\">\n<div class=\"span12\">\n<h2>Owner and responsible for content:<\/h2>\n<p>Gem\u00e4\u00df &amp; 5 DDG<\/p>\n<p>Dirk Beckmann<br \/>\nLindemannstra\u00dfe 7<br \/>\n40237 D\u00fcsseldorf<\/p>\n<p>T: +49 (0) 211 58 68 446<br \/>\nE: <a href=\"mailto:info@equilibriumstate.de\">info@equilibriumstate.de<\/a><\/p>\n<p>VAT ID: DE280680167<\/p>\n<\/div>\n<\/div>\n<\/div>\n<div class=\"impressum-content\">\n<div class=\"row-fluid\">\n<div class=\"span12\">\n<h2>Realization<\/h2>\n<p>dasMinisterium.com<br \/>\nHofaue 59<br \/>\n42103 Wuppertal<\/p>\n<p>+49 202 850 69 850<br \/>\n<a href=\"mailto:info@dasministerium.com\">info@dasministerium.com<\/a><br \/>\n<a href=\"http:\/\/www.dasministerium.com\" target=\"_blank\" rel=\"noopener\">www.dasministerium.com<\/a><\/p>\n<\/div>\n<\/div>\n<\/div>\n","protected":false},"excerpt":{"rendered":"<p>Owner and responsible for content: Gem\u00e4\u00df &amp; 5 DDG Dirk Beckmann Lindemannstra\u00dfe 7 40237 D\u00fcsseldorf T: +49 (0) 211 58 68 446 E: info@equilibriumstate.de VAT ID: DE280680167 Realization dasMinisterium.com Hofaue 59 42103 Wuppertal +49 202 850 69 850 info@dasministerium.com www.dasministerium.com<\/p>\n","protected":false},"author":1,"featured_media":0,"parent":0,"menu_order":8,"comment_status":"closed","ping_status":"closed","template":"page-templates\/impressum.php","meta":{"_mi_skip_tracking":false},"acf":[],"yoast_head":"<!-- This site is optimized with the Yoast SEO plugin v19.14 - https:\/\/yoast.com\/wordpress\/plugins\/seo\/ -->\n<title>Imprint - Equilibrium State<\/title>\n<meta name=\"robots\" content=\"index, follow, max-snippet:-1, max-image-preview:large, max-video-preview:-1\" \/>\n<link rel=\"canonical\" href=\"https:\/\/equilibriumstate.de\/en\/imprint\/\" \/>\n<meta name=\"twitter:label1\" content=\"Est. reading time\" \/>\n\t<meta name=\"twitter:data1\" content=\"1 minute\" \/>\n<script type=\"application\/ld+json\" class=\"yoast-schema-graph\">{\"@context\":\"https:\/\/schema.org\",\"@graph\":[{\"@type\":\"WebPage\",\"@id\":\"https:\/\/equilibriumstate.de\/en\/imprint\/\",\"url\":\"https:\/\/equilibriumstate.de\/en\/imprint\/\",\"name\":\"Imprint - Equilibrium State\",\"isPartOf\":{\"@id\":\"https:\/\/equilibriumstate.de\/en\/#website\"},\"datePublished\":\"2013-06-11T12:37:50+00:00\",\"dateModified\":\"2024-09-27T11:13:13+00:00\",\"breadcrumb\":{\"@id\":\"https:\/\/equilibriumstate.de\/en\/imprint\/#breadcrumb\"},\"inLanguage\":\"en-US\",\"potentialAction\":[{\"@type\":\"ReadAction\",\"target\":[\"https:\/\/equilibriumstate.de\/en\/imprint\/\"]}]},{\"@type\":\"BreadcrumbList\",\"@id\":\"https:\/\/equilibriumstate.de\/en\/imprint\/#breadcrumb\",\"itemListElement\":[{\"@type\":\"ListItem\",\"position\":1,\"name\":\"Home\",\"item\":\"https:\/\/equilibriumstate.de\/en\/\"},{\"@type\":\"ListItem\",\"position\":2,\"name\":\"Imprint\"}]},{\"@type\":\"WebSite\",\"@id\":\"https:\/\/equilibriumstate.de\/en\/#website\",\"url\":\"https:\/\/equilibriumstate.de\/en\/\",\"name\":\"Equilibrium State EN\",\"description\":\"\",\"potentialAction\":[{\"@type\":\"SearchAction\",\"target\":{\"@type\":\"EntryPoint\",\"urlTemplate\":\"https:\/\/equilibriumstate.de\/en\/?s={search_term_string}\"},\"query-input\":\"required name=search_term_string\"}],\"inLanguage\":\"en-US\"}]}<\/script>\n<!-- \/ Yoast SEO plugin. -->","yoast_head_json":{"title":"Imprint - Equilibrium State","robots":{"index":"index","follow":"follow","max-snippet":"max-snippet:-1","max-image-preview":"max-image-preview:large","max-video-preview":"max-video-preview:-1"},"canonical":"https:\/\/equilibriumstate.de\/en\/imprint\/","twitter_misc":{"Est. reading time":"1 minute"},"schema":{"@context":"https:\/\/schema.org","@graph":[{"@type":"WebPage","@id":"https:\/\/equilibriumstate.de\/en\/imprint\/","url":"https:\/\/equilibriumstate.de\/en\/imprint\/","name":"Imprint - Equilibrium State","isPartOf":{"@id":"https:\/\/equilibriumstate.de\/en\/#website"},"datePublished":"2013-06-11T12:37:50+00:00","dateModified":"2024-09-27T11:13:13+00:00","breadcrumb":{"@id":"https:\/\/equilibriumstate.de\/en\/imprint\/#breadcrumb"},"inLanguage":"en-US","potentialAction":[{"@type":"ReadAction","target":["https:\/\/equilibriumstate.de\/en\/imprint\/"]}]},{"@type":"BreadcrumbList","@id":"https:\/\/equilibriumstate.de\/en\/imprint\/#breadcrumb","itemListElement":[{"@type":"ListItem","position":1,"name":"Home","item":"https:\/\/equilibriumstate.de\/en\/"},{"@type":"ListItem","position":2,"name":"Imprint"}]},{"@type":"WebSite","@id":"https:\/\/equilibriumstate.de\/en\/#website","url":"https:\/\/equilibriumstate.de\/en\/","name":"Equilibrium State EN","description":"","potentialAction":[{"@type":"SearchAction","target":{"@type":"EntryPoint","urlTemplate":"https:\/\/equilibriumstate.de\/en\/?s={search_term_string}"},"query-input":"required name=search_term_string"}],"inLanguage":"en-US"}]}},"_links":{"self":[{"href":"https:\/\/equilibriumstate.de\/en\/wp-json\/wp\/v2\/pages\/27"}],"collection":[{"href":"https:\/\/equilibriumstate.de\/en\/wp-json\/wp\/v2\/pages"}],"about":[{"href":"https:\/\/equilibriumstate.de\/en\/wp-json\/wp\/v2\/types\/page"}],"author":[{"embeddable":true,"href":"https:\/\/equilibriumstate.de\/en\/wp-json\/wp\/v2\/users\/1"}],"replies":[{"embeddable":true,"href":"https:\/\/equilibriumstate.de\/en\/wp-json\/wp\/v2\/comments?post=27"}],"version-history":[{"count":23,"href":"https:\/\/equilibriumstate.de\/en\/wp-json\/wp\/v2\/pages\/27\/revisions"}],"predecessor-version":[{"id":467,"href":"https:\/\/equilibriumstate.de\/en\/wp-json\/wp\/v2\/pages\/27\/revisions\/467"}],"wp:attachment":[{"href":"https:\/\/equilibriumstate.de\/en\/wp-json\/wp\/v2\/media?parent=27"}],"curies":[{"name":"wp","href":"https:\/\/api.w.org\/{rel}","templated":true}]}}